{"id":987,"date":"2025-03-03T11:22:53","date_gmt":"2025-03-03T11:22:53","guid":{"rendered":"https:\/\/dmc-hiddengems.hr\/?page_id=987"},"modified":"2025-03-03T11:25:44","modified_gmt":"2025-03-03T11:25:44","slug":"exhibition","status":"publish","type":"page","link":"https:\/\/dmc-hiddengems.hr\/fr\/exhibition\/","title":{"rendered":"Exposition"},"content":{"rendered":"<div data-elementor-type=\"wp-page\" data-elementor-id=\"987\" class=\"elementor elementor-987\" data-elementor-post-type=\"page\">\n\t\t\t\t<div class=\"elementor-element elementor-element-o2720ow e-flex e-con-boxed e-con e-parent\" data-id=\"o2720ow\" data-element_type=\"container\" data-e-type=\"container\" data-settings=\"{&quot;background_background&quot;:&quot;classic&quot;}\">\n\t\t\t\t\t<div class=\"e-con-inner\">\n\t\t<div class=\"elementor-element elementor-element-0502d81 e-con-full e-flex e-con e-child\" data-id=\"0502d81\" data-element_type=\"container\" data-e-type=\"container\">\n\t\t\t\t<div class=\"elementor-element elementor-element-03d202b elementor-widget elementor-widget-heading\" data-id=\"03d202b\" data-element_type=\"widget\" data-e-type=\"widget\" data-widget_type=\"heading.default\">\n\t\t\t\t<div class=\"elementor-widget-container\">\n\t\t\t\t\t<h1 class=\"elementor-heading-title elementor-size-default\">Expositions : R\u00e9v\u00e9ler l'innovation et la cr\u00e9ativit\u00e9<\/h1>\t\t\t\t<\/div>\n\t\t\t\t<\/div>\n\t\t\t\t<\/div>\n\t\t\t\t\t<\/div>\n\t\t\t\t<\/div>\n\t\t<div class=\"elementor-element elementor-element-4vbk4db e-flex e-con-boxed e-con e-parent\" data-id=\"4vbk4db\" data-element_type=\"container\" data-e-type=\"container\">\n\t\t\t\t\t<div class=\"e-con-inner\">\n\t\t<div class=\"elementor-element elementor-element-89a7aec e-con-full e-flex e-con e-child\" data-id=\"89a7aec\" data-element_type=\"container\" data-e-type=\"container\">\n\t\t\t\t<div class=\"elementor-element elementor-element-a01f0dc elementor-widget elementor-widget-heading\" data-id=\"a01f0dc\" data-element_type=\"widget\" data-e-type=\"widget\" data-widget_type=\"heading.default\">\n\t\t\t\t<div class=\"elementor-widget-container\">\n\t\t\t\t\t<h2 class=\"elementor-heading-title elementor-size-default\">Notre mission<\/h2>\t\t\t\t<\/div>\n\t\t\t\t<\/div>\n\t\t\t\t<div class=\"elementor-element elementor-element-c43b3dd elementor-widget-divider--view-line elementor-widget elementor-widget-divider\" data-id=\"c43b3dd\" data-element_type=\"widget\" data-e-type=\"widget\" data-widget_type=\"divider.default\">\n\t\t\t\t<div class=\"elementor-widget-container\">\n\t\t\t\t\t\t\t<div class=\"elementor-divider\">\n\t\t\t<span class=\"elementor-divider-separator\">\n\t\t\t\t\t\t<\/span>\n\t\t<\/div>\n\t\t\t\t\t\t<\/div>\n\t\t\t\t<\/div>\n\t\t\t\t<div class=\"elementor-element elementor-element-e871351 elementor-widget elementor-widget-text-editor\" data-id=\"e871351\" data-element_type=\"widget\" data-e-type=\"widget\" data-widget_type=\"text-editor.default\">\n\t\t\t\t<div class=\"elementor-widget-container\">\n\t\t\t\t\t\t\t\t\t<p><b>Une exposition n'est pas un \u00e9v\u00e9nement ; c'est l'occasion de d\u00e9voiler votre marque, vos id\u00e9es et vos innovations au monde entier. <\/b><\/p><p><b>Nos services d'exposition sont con\u00e7us pour vous permettre de laisser un impact m\u00e9morable sur vos visiteurs, qu'il s'agisse d'une exposition industrielle, d'un salon de la cr\u00e9ation ou d'un \u00e9v\u00e9nement de lancement de produit.<\/b><\/p>\t\t\t\t\t\t\t\t<\/div>\n\t\t\t\t<\/div>\n\t\t\t\t<\/div>\n\t\t<div class=\"elementor-element elementor-element-e8e4600 e-con-full e-flex e-con e-child\" data-id=\"e8e4600\" data-element_type=\"container\" data-e-type=\"container\">\n\t\t\t\t<div class=\"elementor-element elementor-element-6060d91 elementor-widget elementor-widget-image\" data-id=\"6060d91\" data-element_type=\"widget\" data-e-type=\"widget\" data-widget_type=\"image.default\">\n\t\t\t\t<div class=\"elementor-widget-container\">\n\t\t\t\t\t\t\t\t\t\t\t\t\t\t\t<img fetchpriority=\"high\" decoding=\"async\" width=\"1800\" height=\"1200\" src=\"https:\/\/dmc-hiddengems.hr\/wp-content\/uploads\/2025\/03\/Event-Management.jpg\" class=\"attachment-full size-full wp-image-991\" alt=\"Event Management\" srcset=\"https:\/\/dmc-hiddengems.hr\/wp-content\/uploads\/2025\/03\/Event-Management.jpg 1800w, https:\/\/dmc-hiddengems.hr\/wp-content\/uploads\/2025\/03\/Event-Management-300x200.jpg 300w, https:\/\/dmc-hiddengems.hr\/wp-content\/uploads\/2025\/03\/Event-Management-1024x683.jpg 1024w, https:\/\/dmc-hiddengems.hr\/wp-content\/uploads\/2025\/03\/Event-Management-768x512.jpg 768w, https:\/\/dmc-hiddengems.hr\/wp-content\/uploads\/2025\/03\/Event-Management-1536x1024.jpg 1536w, https:\/\/dmc-hiddengems.hr\/wp-content\/uploads\/2025\/03\/Event-Management-18x12.jpg 18w\" sizes=\"(max-width: 1800px) 100vw, 1800px\" \/>\t\t\t\t\t\t\t\t\t\t\t\t\t\t\t<\/div>\n\t\t\t\t<\/div>\n\t\t\t\t<\/div>\n\t\t\t\t\t<\/div>\n\t\t\t\t<\/div>\n\t\t<div class=\"elementor-element elementor-element-3eesp7z e-flex e-con-boxed e-con e-parent\" data-id=\"3eesp7z\" data-element_type=\"container\" data-e-type=\"container\">\n\t\t\t\t\t<div class=\"e-con-inner\">\n\t\t<div class=\"elementor-element elementor-element-c48d12f e-con-full e-flex e-con e-child\" data-id=\"c48d12f\" data-element_type=\"container\" data-e-type=\"container\">\n\t\t\t\t<div class=\"elementor-element elementor-element-491f841 elementor-widget elementor-widget-heading\" data-id=\"491f841\" data-element_type=\"widget\" data-e-type=\"widget\" data-widget_type=\"heading.default\">\n\t\t\t\t<div class=\"elementor-widget-container\">\n\t\t\t\t\t<h4 class=\"elementor-heading-title elementor-size-default\">Pourquoi utiliser nos services d'exposition ?<\/h4>\t\t\t\t<\/div>\n\t\t\t\t<\/div>\n\t\t\t\t<div class=\"elementor-element elementor-element-7beb61e elementor-widget-divider--view-line elementor-widget elementor-widget-divider\" data-id=\"7beb61e\" data-element_type=\"widget\" data-e-type=\"widget\" data-widget_type=\"divider.default\">\n\t\t\t\t<div class=\"elementor-widget-container\">\n\t\t\t\t\t\t\t<div class=\"elementor-divider\">\n\t\t\t<span class=\"elementor-divider-separator\">\n\t\t\t\t\t\t<\/span>\n\t\t<\/div>\n\t\t\t\t\t\t<\/div>\n\t\t\t\t<\/div>\n\t\t\t\t<div class=\"elementor-element elementor-element-c5cd51e elementor-widget elementor-widget-text-editor\" data-id=\"c5cd51e\" data-element_type=\"widget\" data-e-type=\"widget\" data-widget_type=\"text-editor.default\">\n\t\t\t\t<div class=\"elementor-widget-container\">\n\t\t\t\t\t\t\t\t\t<h5><b>Exp\u00e9riences d'exposition personnalis\u00e9es<\/b><\/h5><p><b>Chaque salon a ses propres exigences. Nous travaillons en \u00e9troite collaboration avec vous pour concevoir une exp\u00e9rience personnalis\u00e9e qui refl\u00e8te votre marque et vos objectifs. De la conception du stand \u00e0 l'assistance logistique, nous veillons \u00e0 chaque d\u00e9tail.<\/b><\/p><h5><b>Une conception et un agencement novateurs<\/b><\/h5><p><b>Nos stands d'exposition sont con\u00e7us pour captiver et engager vos visiteurs. Que vous ayez besoin d'une pr\u00e9sentation simple ou d'une installation complexe, notre \u00e9quipe imaginative r\u00e9alisera votre r\u00eave pour que votre stand d'exposition ait un impact.<\/b><\/p><h5><b>S\u00e9lection de sites strat\u00e9giques<\/b><\/h5><p><b>Le succ\u00e8s de l'exposition d\u00e9pend \u00e9galement de l'endroit o\u00f9 elle se tiendra. Nous vous aidons \u00e0 d\u00e9terminer le lieu le plus appropri\u00e9, qu'il s'agisse d'un centre de congr\u00e8s tr\u00e8s fr\u00e9quent\u00e9 ou d'un lieu exclusif, tri\u00e9 sur le volet, pour une visibilit\u00e9 optimale de votre marque.<\/b><\/p><h5><b>Gestion compl\u00e8te d'\u00e9v\u00e9nements<\/b><\/h5><p><b>De la r\u00e9ception des inscriptions aux op\u00e9rations sur place, nous prenons en charge chaque aspect de l'exposition. Nous voulons que votre processus d'exposition se d\u00e9roule sans heurts, vous permettant ainsi de vous concentrer sur l'interaction avec votre public et la transmission de votre message.<\/b><\/p><h5><b>Engagement et interaction<\/b><\/h5><p><b>Les expositions doivent \u00eatre interactives. Notre \u00e9quipe vous aide \u00e0 rendre l'exp\u00e9rience de vos visiteurs interactive et immersive, des pr\u00e9sentations et d\u00e9monstrations en direct aux expositions interactives et \u00e0 l'int\u00e9gration VR\/AR.<\/b><\/p>\t\t\t\t\t\t\t\t<\/div>\n\t\t\t\t<\/div>\n\t\t\t\t<\/div>\n\t\t<div class=\"elementor-element elementor-element-d47d4cd e-con-full e-flex e-con e-child\" data-id=\"d47d4cd\" data-element_type=\"container\" data-e-type=\"container\">\n\t\t\t\t<div class=\"elementor-element elementor-element-bf795e2 elementor-widget elementor-widget-heading\" data-id=\"bf795e2\" data-element_type=\"widget\" data-e-type=\"widget\" data-widget_type=\"heading.default\">\n\t\t\t\t<div class=\"elementor-widget-container\">\n\t\t\t\t\t<h4 class=\"elementor-heading-title elementor-size-default\">Impact apr\u00e8s l'\u00e9v\u00e9nement<\/h4>\t\t\t\t<\/div>\n\t\t\t\t<\/div>\n\t\t\t\t<div class=\"elementor-element elementor-element-ae16dd8 elementor-widget-divider--view-line elementor-widget elementor-widget-divider\" data-id=\"ae16dd8\" data-element_type=\"widget\" data-e-type=\"widget\" data-widget_type=\"divider.default\">\n\t\t\t\t<div class=\"elementor-widget-container\">\n\t\t\t\t\t\t\t<div class=\"elementor-divider\">\n\t\t\t<span class=\"elementor-divider-separator\">\n\t\t\t\t\t\t<\/span>\n\t\t<\/div>\n\t\t\t\t\t\t<\/div>\n\t\t\t\t<\/div>\n\t\t\t\t<div class=\"elementor-element elementor-element-8c4a333 elementor-widget elementor-widget-text-editor\" data-id=\"8c4a333\" data-element_type=\"widget\" data-e-type=\"widget\" data-widget_type=\"text-editor.default\">\n\t\t\t\t<div class=\"elementor-widget-container\">\n\t\t\t\t\t\t\t\t\t<p><b>Nos services ne s'arr\u00eatent pas \u00e0 l'exposition. Nous proposons une analyse post-\u00e9v\u00e9nement pour \u00e9valuer l'impact et le succ\u00e8s de votre exposition, ce qui vous permet de retrouver des prospects et d'\u00e9valuer le retour sur investissement de votre participation.<\/b><\/p>\t\t\t\t\t\t\t\t<\/div>\n\t\t\t\t<\/div>\n\t\t\t\t<div class=\"elementor-element elementor-element-0179544 elementor-icon-list--layout-traditional elementor-list-item-link-full_width elementor-widget elementor-widget-icon-list\" data-id=\"0179544\" data-element_type=\"widget\" data-e-type=\"widget\" data-widget_type=\"icon-list.default\">\n\t\t\t\t<div class=\"elementor-widget-container\">\n\t\t\t\t\t\t\t<ul class=\"elementor-icon-list-items\">\n\t\t\t\t\t\t\t<li class=\"elementor-icon-list-item\">\n\t\t\t\t\t\t\t\t\t\t\t<span class=\"elementor-icon-list-icon\">\n\t\t\t\t\t\t\t\t\t\t\t\t\t<\/span>\n\t\t\t\t\t\t\t\t\t\t<span class=\"elementor-icon-list-text\"><\/span>\n\t\t\t\t\t\t\t\t\t<\/li>\n\t\t\t\t\t\t<\/ul>\n\t\t\t\t\t\t<\/div>\n\t\t\t\t<\/div>\n\t\t\t\t<\/div>\n\t\t\t\t\t<\/div>\n\t\t\t\t<\/div>\n\t\t\t\t<\/div>","protected":false},"excerpt":{"rendered":"<p>Exhibitions: Revealing Innovation and Creativity Our Mission An exhibition is not an event; it&#8217;s an opportunity to unveil your brand, [&hellip;]<\/p>\n","protected":false},"author":1,"featured_media":0,"parent":0,"menu_order":0,"comment_status":"closed","ping_status":"closed","template":"","meta":{"site-sidebar-layout":"no-sidebar","site-content-layout":"","ast-site-content-layout":"full-width-container","site-content-style":"default","site-sidebar-style":"default","ast-global-header-display":"","ast-banner-title-visibility":"","ast-main-header-display":"","ast-hfb-above-header-display":"","ast-hfb-below-header-display":"","ast-hfb-mobile-header-display":"","site-post-title":"disabled","ast-breadcrumbs-content":"","ast-featured-img":"disabled","footer-sml-layout":"","theme-transparent-header-meta":"","adv-header-id-meta":"","stick-header-meta":"","header-above-stick-meta":"","header-main-stick-meta":"","header-below-stick-meta":"","astra-migrate-meta-layouts":"default","ast-page-background-enabled":"default","ast-page-background-meta":{"desktop":{"background-color":"var(--ast-global-color-4)","background-image":"","background-repeat":"repeat","background-position":"center center","background-size":"auto","background-attachment":"scroll","background-type":"","background-media":"","overlay-type":"","overlay-color":"","overlay-opacity":"","overlay-gradient":""},"tablet":{"background-color":"","background-image":"","background-repeat":"repeat","background-position":"center center","background-size":"auto","background-attachment":"scroll","background-type":"","background-media":"","overlay-type":"","overlay-color":"","overlay-opacity":"","overlay-gradient":""},"mobile":{"background-color":"","background-image":"","background-repeat":"repeat","background-position":"center center","background-size":"auto","background-attachment":"scroll","background-type":"","background-media":"","overlay-type":"","overlay-color":"","overlay-opacity":"","overlay-gradient":""}},"ast-content-background-meta":{"desktop":{"background-color":"var(--ast-global-color-5)","background-image":"","background-repeat":"repeat","background-position":"center center","background-size":"auto","background-attachment":"scroll","background-type":"","background-media":"","overlay-type":"","overlay-color":"","overlay-opacity":"","overlay-gradient":""},"tablet":{"background-color":"var(--ast-global-color-5)","background-image":"","background-repeat":"repeat","background-position":"center center","background-size":"auto","background-attachment":"scroll","background-type":"","background-media":"","overlay-type":"","overlay-color":"","overlay-opacity":"","overlay-gradient":""},"mobile":{"background-color":"var(--ast-global-color-5)","background-image":"","background-repeat":"repeat","background-position":"center center","background-size":"auto","background-attachment":"scroll","background-type":"","background-media":"","overlay-type":"","overlay-color":"","overlay-opacity":"","overlay-gradient":""}},"_themeisle_gutenberg_block_has_review":false,"footnotes":""},"class_list":["post-987","page","type-page","status-publish","hentry"],"yoast_head":"<!-- This site is optimized with the Yoast SEO Premium plugin v27.4 (Yoast SEO v27.4) - https:\/\/yoast.com\/product\/yoast-seo-premium-wordpress\/ -->\n<title>Exhibition - DMC Hidden Gems<\/title>\n<meta name=\"robots\" content=\"index, follow, max-snippet:-1, max-image-preview:large, max-video-preview:-1\" \/>\n<link rel=\"canonical\" href=\"https:\/\/dmc-hiddengems.hr\/fr\/exhibition\/\" \/>\n<meta property=\"og:locale\" content=\"fr_FR\" \/>\n<meta property=\"og:type\" content=\"article\" \/>\n<meta property=\"og:title\" content=\"Exhibition\" \/>\n<meta property=\"og:description\" content=\"Exhibitions: Revealing Innovation and Creativity Our Mission An exhibition is not an event; it&#8217;s an opportunity to unveil your brand, [&hellip;]\" \/>\n<meta property=\"og:url\" content=\"https:\/\/dmc-hiddengems.hr\/fr\/exhibition\/\" \/>\n<meta property=\"og:site_name\" content=\"DMC Hidden Gems\" \/>\n<meta property=\"article:publisher\" content=\"https:\/\/www.facebook.com\/dmchiddengemscroatia\" \/>\n<meta property=\"article:modified_time\" content=\"2025-03-03T11:25:44+00:00\" \/>\n<meta property=\"og:image\" content=\"https:\/\/dmc-hiddengems.hr\/wp-content\/uploads\/2025\/03\/Event-Management.jpg\" \/>\n\t<meta property=\"og:image:width\" content=\"1800\" \/>\n\t<meta property=\"og:image:height\" content=\"1200\" \/>\n\t<meta property=\"og:image:type\" content=\"image\/jpeg\" \/>\n<meta name=\"twitter:card\" content=\"summary_large_image\" \/>\n<meta name=\"twitter:label1\" content=\"Dur\u00e9e de lecture estim\u00e9e\" \/>\n\t<meta name=\"twitter:data1\" content=\"2 minutes\" \/>\n<script type=\"application\/ld+json\" class=\"yoast-schema-graph\">{\"@context\":\"https:\\\/\\\/schema.org\",\"@graph\":[{\"@type\":\"WebPage\",\"@id\":\"https:\\\/\\\/dmc-hiddengems.hr\\\/exhibition\\\/\",\"url\":\"https:\\\/\\\/dmc-hiddengems.hr\\\/exhibition\\\/\",\"name\":\"Exhibition - DMC Hidden Gems\",\"isPartOf\":{\"@id\":\"https:\\\/\\\/dmc-hiddengems.hr\\\/#website\"},\"primaryImageOfPage\":{\"@id\":\"https:\\\/\\\/dmc-hiddengems.hr\\\/exhibition\\\/#primaryimage\"},\"image\":{\"@id\":\"https:\\\/\\\/dmc-hiddengems.hr\\\/exhibition\\\/#primaryimage\"},\"thumbnailUrl\":\"https:\\\/\\\/dmc-hiddengems.hr\\\/wp-content\\\/uploads\\\/2025\\\/03\\\/Event-Management.jpg\",\"datePublished\":\"2025-03-03T11:22:53+00:00\",\"dateModified\":\"2025-03-03T11:25:44+00:00\",\"breadcrumb\":{\"@id\":\"https:\\\/\\\/dmc-hiddengems.hr\\\/exhibition\\\/#breadcrumb\"},\"inLanguage\":\"fr-FR\",\"potentialAction\":[{\"@type\":\"ReadAction\",\"target\":[\"https:\\\/\\\/dmc-hiddengems.hr\\\/exhibition\\\/\"]}]},{\"@type\":\"ImageObject\",\"inLanguage\":\"fr-FR\",\"@id\":\"https:\\\/\\\/dmc-hiddengems.hr\\\/exhibition\\\/#primaryimage\",\"url\":\"https:\\\/\\\/dmc-hiddengems.hr\\\/wp-content\\\/uploads\\\/2025\\\/03\\\/Event-Management.jpg\",\"contentUrl\":\"https:\\\/\\\/dmc-hiddengems.hr\\\/wp-content\\\/uploads\\\/2025\\\/03\\\/Event-Management.jpg\"},{\"@type\":\"BreadcrumbList\",\"@id\":\"https:\\\/\\\/dmc-hiddengems.hr\\\/exhibition\\\/#breadcrumb\",\"itemListElement\":[{\"@type\":\"ListItem\",\"position\":1,\"name\":\"Home\",\"item\":\"https:\\\/\\\/dmc-hiddengems.hr\\\/\"},{\"@type\":\"ListItem\",\"position\":2,\"name\":\"Exhibition\"}]},{\"@type\":\"WebSite\",\"@id\":\"https:\\\/\\\/dmc-hiddengems.hr\\\/#website\",\"url\":\"https:\\\/\\\/dmc-hiddengems.hr\\\/\",\"name\":\"DMC HiddenGems\",\"description\":\"Your Gateway to Exceptional MICE Travel in Croatia\",\"publisher\":{\"@id\":\"https:\\\/\\\/dmc-hiddengems.hr\\\/#organization\"},\"potentialAction\":[{\"@type\":\"SearchAction\",\"target\":{\"@type\":\"EntryPoint\",\"urlTemplate\":\"https:\\\/\\\/dmc-hiddengems.hr\\\/?s={search_term_string}\"},\"query-input\":{\"@type\":\"PropertyValueSpecification\",\"valueRequired\":true,\"valueName\":\"search_term_string\"}}],\"inLanguage\":\"fr-FR\"},{\"@type\":\"Organization\",\"@id\":\"https:\\\/\\\/dmc-hiddengems.hr\\\/#organization\",\"name\":\"DMC HiddenGems\",\"url\":\"https:\\\/\\\/dmc-hiddengems.hr\\\/\",\"logo\":{\"@type\":\"ImageObject\",\"inLanguage\":\"fr-FR\",\"@id\":\"https:\\\/\\\/dmc-hiddengems.hr\\\/#\\\/schema\\\/logo\\\/image\\\/\",\"url\":\"https:\\\/\\\/dmc-hiddengems.hr\\\/wp-content\\\/uploads\\\/2024\\\/12\\\/Hidden-Gems-logo-plava-slova-outline.png\",\"contentUrl\":\"https:\\\/\\\/dmc-hiddengems.hr\\\/wp-content\\\/uploads\\\/2024\\\/12\\\/Hidden-Gems-logo-plava-slova-outline.png\",\"width\":599,\"height\":617,\"caption\":\"DMC HiddenGems\"},\"image\":{\"@id\":\"https:\\\/\\\/dmc-hiddengems.hr\\\/#\\\/schema\\\/logo\\\/image\\\/\"},\"sameAs\":[\"https:\\\/\\\/www.facebook.com\\\/dmchiddengemscroatia\",\"https:\\\/\\\/www.instagram.com\\\/hiddengemsdmc\\\/\",\"https:\\\/\\\/www.linkedin.com\\\/in\\\/yvan-mandalinic-828365100\"]}]}<\/script>\n<!-- \/ Yoast SEO Premium plugin. -->","yoast_head_json":{"title":"Exhibition - DMC Hidden Gems","robots":{"index":"index","follow":"follow","max-snippet":"max-snippet:-1","max-image-preview":"max-image-preview:large","max-video-preview":"max-video-preview:-1"},"canonical":"https:\/\/dmc-hiddengems.hr\/fr\/exhibition\/","og_locale":"fr_FR","og_type":"article","og_title":"Exhibition","og_description":"Exhibitions: Revealing Innovation and Creativity Our Mission An exhibition is not an event; it&#8217;s an opportunity to unveil your brand, [&hellip;]","og_url":"https:\/\/dmc-hiddengems.hr\/fr\/exhibition\/","og_site_name":"DMC Hidden Gems","article_publisher":"https:\/\/www.facebook.com\/dmchiddengemscroatia","article_modified_time":"2025-03-03T11:25:44+00:00","og_image":[{"width":1800,"height":1200,"url":"https:\/\/dmc-hiddengems.hr\/wp-content\/uploads\/2025\/03\/Event-Management.jpg","type":"image\/jpeg"}],"twitter_card":"summary_large_image","twitter_misc":{"Dur\u00e9e de lecture estim\u00e9e":"2 minutes"},"schema":{"@context":"https:\/\/schema.org","@graph":[{"@type":"WebPage","@id":"https:\/\/dmc-hiddengems.hr\/exhibition\/","url":"https:\/\/dmc-hiddengems.hr\/exhibition\/","name":"Exhibition - DMC Hidden Gems","isPartOf":{"@id":"https:\/\/dmc-hiddengems.hr\/#website"},"primaryImageOfPage":{"@id":"https:\/\/dmc-hiddengems.hr\/exhibition\/#primaryimage"},"image":{"@id":"https:\/\/dmc-hiddengems.hr\/exhibition\/#primaryimage"},"thumbnailUrl":"https:\/\/dmc-hiddengems.hr\/wp-content\/uploads\/2025\/03\/Event-Management.jpg","datePublished":"2025-03-03T11:22:53+00:00","dateModified":"2025-03-03T11:25:44+00:00","breadcrumb":{"@id":"https:\/\/dmc-hiddengems.hr\/exhibition\/#breadcrumb"},"inLanguage":"fr-FR","potentialAction":[{"@type":"ReadAction","target":["https:\/\/dmc-hiddengems.hr\/exhibition\/"]}]},{"@type":"ImageObject","inLanguage":"fr-FR","@id":"https:\/\/dmc-hiddengems.hr\/exhibition\/#primaryimage","url":"https:\/\/dmc-hiddengems.hr\/wp-content\/uploads\/2025\/03\/Event-Management.jpg","contentUrl":"https:\/\/dmc-hiddengems.hr\/wp-content\/uploads\/2025\/03\/Event-Management.jpg"},{"@type":"BreadcrumbList","@id":"https:\/\/dmc-hiddengems.hr\/exhibition\/#breadcrumb","itemListElement":[{"@type":"ListItem","position":1,"name":"Home","item":"https:\/\/dmc-hiddengems.hr\/"},{"@type":"ListItem","position":2,"name":"Exhibition"}]},{"@type":"WebSite","@id":"https:\/\/dmc-hiddengems.hr\/#website","url":"https:\/\/dmc-hiddengems.hr\/","name":"DMC HiddenGems","description":"Votre porte d'entr\u00e9e pour des voyages MICE exceptionnels en Croatie","publisher":{"@id":"https:\/\/dmc-hiddengems.hr\/#organization"},"potentialAction":[{"@type":"SearchAction","target":{"@type":"EntryPoint","urlTemplate":"https:\/\/dmc-hiddengems.hr\/?s={search_term_string}"},"query-input":{"@type":"PropertyValueSpecification","valueRequired":true,"valueName":"search_term_string"}}],"inLanguage":"fr-FR"},{"@type":"Organization","@id":"https:\/\/dmc-hiddengems.hr\/#organization","name":"DMC HiddenGems","url":"https:\/\/dmc-hiddengems.hr\/","logo":{"@type":"ImageObject","inLanguage":"fr-FR","@id":"https:\/\/dmc-hiddengems.hr\/#\/schema\/logo\/image\/","url":"https:\/\/dmc-hiddengems.hr\/wp-content\/uploads\/2024\/12\/Hidden-Gems-logo-plava-slova-outline.png","contentUrl":"https:\/\/dmc-hiddengems.hr\/wp-content\/uploads\/2024\/12\/Hidden-Gems-logo-plava-slova-outline.png","width":599,"height":617,"caption":"DMC HiddenGems"},"image":{"@id":"https:\/\/dmc-hiddengems.hr\/#\/schema\/logo\/image\/"},"sameAs":["https:\/\/www.facebook.com\/dmchiddengemscroatia","https:\/\/www.instagram.com\/hiddengemsdmc\/","https:\/\/www.linkedin.com\/in\/yvan-mandalinic-828365100"]}]}},"_links":{"self":[{"href":"https:\/\/dmc-hiddengems.hr\/fr\/wp-json\/wp\/v2\/pages\/987","targetHints":{"allow":["GET"]}}],"collection":[{"href":"https:\/\/dmc-hiddengems.hr\/fr\/wp-json\/wp\/v2\/pages"}],"about":[{"href":"https:\/\/dmc-hiddengems.hr\/fr\/wp-json\/wp\/v2\/types\/page"}],"author":[{"embeddable":true,"href":"https:\/\/dmc-hiddengems.hr\/fr\/wp-json\/wp\/v2\/users\/1"}],"replies":[{"embeddable":true,"href":"https:\/\/dmc-hiddengems.hr\/fr\/wp-json\/wp\/v2\/comments?post=987"}],"version-history":[{"count":4,"href":"https:\/\/dmc-hiddengems.hr\/fr\/wp-json\/wp\/v2\/pages\/987\/revisions"}],"predecessor-version":[{"id":994,"href":"https:\/\/dmc-hiddengems.hr\/fr\/wp-json\/wp\/v2\/pages\/987\/revisions\/994"}],"wp:attachment":[{"href":"https:\/\/dmc-hiddengems.hr\/fr\/wp-json\/wp\/v2\/media?parent=987"}],"curies":[{"name":"wp","href":"https:\/\/api.w.org\/{rel}","templated":true}]}}