{"id":846,"date":"2025-03-02T22:12:24","date_gmt":"2025-03-02T22:12:24","guid":{"rendered":"https:\/\/dmc-hiddengems.hr\/?page_id=846"},"modified":"2025-03-03T10:37:14","modified_gmt":"2025-03-03T10:37:14","slug":"incentives","status":"publish","type":"page","link":"https:\/\/dmc-hiddengems.hr\/fr\/incentives\/","title":{"rendered":"Incitations"},"content":{"rendered":"<div data-elementor-type=\"wp-page\" data-elementor-id=\"846\" class=\"elementor elementor-846\" data-elementor-post-type=\"page\">\n\t\t\t\t<div class=\"elementor-element elementor-element-xlfbdio e-flex e-con-boxed e-con e-parent\" data-id=\"xlfbdio\" data-element_type=\"container\" data-e-type=\"container\" data-settings=\"{&quot;background_background&quot;:&quot;classic&quot;}\">\n\t\t\t\t\t<div class=\"e-con-inner\">\n\t\t<div class=\"elementor-element elementor-element-0502d81 e-con-full e-flex e-con e-child\" data-id=\"0502d81\" data-element_type=\"container\" data-e-type=\"container\">\n\t\t\t\t<div class=\"elementor-element elementor-element-03d202b elementor-widget elementor-widget-heading\" data-id=\"03d202b\" data-element_type=\"widget\" data-e-type=\"widget\" data-widget_type=\"heading.default\">\n\t\t\t\t<div class=\"elementor-widget-container\">\n\t\t\t\t\t<h1 class=\"elementor-heading-title elementor-size-default\">Incitations : Faites passer votre \u00e9quipe au niveau sup\u00e9rieur<\/h1>\t\t\t\t<\/div>\n\t\t\t\t<\/div>\n\t\t\t\t<\/div>\n\t\t\t\t\t<\/div>\n\t\t\t\t<\/div>\n\t\t<div class=\"elementor-element elementor-element-f93v19b e-flex e-con-boxed e-con e-parent\" data-id=\"f93v19b\" data-element_type=\"container\" data-e-type=\"container\">\n\t\t\t\t\t<div class=\"e-con-inner\">\n\t\t<div class=\"elementor-element elementor-element-89a7aec e-con-full e-flex e-con e-child\" data-id=\"89a7aec\" data-element_type=\"container\" data-e-type=\"container\">\n\t\t\t\t<div class=\"elementor-element elementor-element-c43b3dd elementor-widget-divider--view-line elementor-widget elementor-widget-divider\" data-id=\"c43b3dd\" data-element_type=\"widget\" data-e-type=\"widget\" data-widget_type=\"divider.default\">\n\t\t\t\t<div class=\"elementor-widget-container\">\n\t\t\t\t\t\t\t<div class=\"elementor-divider\">\n\t\t\t<span class=\"elementor-divider-separator\">\n\t\t\t\t\t\t<\/span>\n\t\t<\/div>\n\t\t\t\t\t\t<\/div>\n\t\t\t\t<\/div>\n\t\t\t\t<div class=\"elementor-element elementor-element-e871351 elementor-widget elementor-widget-text-editor\" data-id=\"e871351\" data-element_type=\"widget\" data-e-type=\"widget\" data-widget_type=\"text-editor.default\">\n\t\t\t\t<div class=\"elementor-widget-container\">\n\t\t\t\t\t\t\t\t\t<h3><b>Fixez vos objectifs, nous nous occupons du reste.<\/b><\/h3>\t\t\t\t\t\t\t\t<\/div>\n\t\t\t\t<\/div>\n\t\t\t\t<div class=\"elementor-element elementor-element-0244f25 elementor-widget elementor-widget-text-editor\" data-id=\"0244f25\" data-element_type=\"widget\" data-e-type=\"widget\" data-widget_type=\"text-editor.default\">\n\t\t\t\t<div class=\"elementor-widget-container\">\n\t\t\t\t\t\t\t\t\t<p>La conversation et l'engagement sont la cl\u00e9 du succ\u00e8s dans l'environnement dynamique des entreprises d'aujourd'hui. Notre offre d'incitation est con\u00e7ue pour offrir \u00e0 vos employ\u00e9s des exp\u00e9riences inoubliables qui sont non seulement gratifiantes mais aussi motivantes.<\/p><p>Qu'il s'agisse de r\u00e9compenses motivantes, d'activit\u00e9s de consolidation d'\u00e9quipe ou d'exp\u00e9riences de luxe, nous vous aiderons \u00e0 cr\u00e9er un programme qui aura un impact positif \u00e0 long terme sur votre organisation.<\/p><p>Nos programmes d'incitation vous permettent de fixer des objectifs clairs : augmenter les ventes, am\u00e9liorer la collaboration au sein d'une \u00e9quipe ou r\u00e9compenser les meilleurs employ\u00e9s. Avec nous, vous vous assurez que chaque moment de votre programme est rempli de valeur et de motivation.<\/p><p>Envoyez-nous un e-mail pour concevoir un programme motivant et gratifiant pour votre \u00e9quipe !<\/p>\t\t\t\t\t\t\t\t<\/div>\n\t\t\t\t<\/div>\n\t\t\t\t<div class=\"elementor-element elementor-element-be33915 elementor-widget elementor-widget-button\" data-id=\"be33915\" data-element_type=\"widget\" data-e-type=\"widget\" data-widget_type=\"button.default\">\n\t\t\t\t<div class=\"elementor-widget-container\">\n\t\t\t\t\t\t\t\t\t<div class=\"elementor-button-wrapper\">\n\t\t\t\t\t<a class=\"elementor-button elementor-button-link elementor-size-sm\" href=\"https:\/\/dmc-hiddengems.hr\/fr\/contact-us\/\">\n\t\t\t\t\t\t<span class=\"elementor-button-content-wrapper\">\n\t\t\t\t\t\t\t\t\t<span class=\"elementor-button-text\">CONTACTEZ-NOUS<\/span>\n\t\t\t\t\t<\/span>\n\t\t\t\t\t<\/a>\n\t\t\t\t<\/div>\n\t\t\t\t\t\t\t\t<\/div>\n\t\t\t\t<\/div>\n\t\t\t\t<\/div>\n\t\t<div class=\"elementor-element elementor-element-e8e4600 e-con-full e-flex e-con e-child\" data-id=\"e8e4600\" data-element_type=\"container\" data-e-type=\"container\">\n\t\t\t\t<div class=\"elementor-element elementor-element-6060d91 elementor-widget elementor-widget-image\" data-id=\"6060d91\" data-element_type=\"widget\" data-e-type=\"widget\" data-widget_type=\"image.default\">\n\t\t\t\t<div class=\"elementor-widget-container\">\n\t\t\t\t\t\t\t\t\t\t\t\t\t\t\t<img fetchpriority=\"high\" decoding=\"async\" width=\"1707\" height=\"2560\" src=\"https:\/\/dmc-hiddengems.hr\/wp-content\/uploads\/2025\/01\/pexels-photo-6761977-6761977-scaled.jpg\" class=\"attachment-full size-full wp-image-641\" alt=\"testiomial, dmc, hidden gems\" srcset=\"https:\/\/dmc-hiddengems.hr\/wp-content\/uploads\/2025\/01\/pexels-photo-6761977-6761977-scaled.jpg 1707w, https:\/\/dmc-hiddengems.hr\/wp-content\/uploads\/2025\/01\/pexels-photo-6761977-6761977-200x300.jpg 200w, https:\/\/dmc-hiddengems.hr\/wp-content\/uploads\/2025\/01\/pexels-photo-6761977-6761977-683x1024.jpg 683w, https:\/\/dmc-hiddengems.hr\/wp-content\/uploads\/2025\/01\/pexels-photo-6761977-6761977-768x1152.jpg 768w, https:\/\/dmc-hiddengems.hr\/wp-content\/uploads\/2025\/01\/pexels-photo-6761977-6761977-1024x1536.jpg 1024w, https:\/\/dmc-hiddengems.hr\/wp-content\/uploads\/2025\/01\/pexels-photo-6761977-6761977-1365x2048.jpg 1365w, https:\/\/dmc-hiddengems.hr\/wp-content\/uploads\/2025\/01\/pexels-photo-6761977-6761977-8x12.jpg 8w\" sizes=\"(max-width: 1707px) 100vw, 1707px\" \/>\t\t\t\t\t\t\t\t\t\t\t\t\t\t\t<\/div>\n\t\t\t\t<\/div>\n\t\t\t\t<\/div>\n\t\t\t\t\t<\/div>\n\t\t\t\t<\/div>\n\t\t<div class=\"elementor-element elementor-element-9qeowit e-flex e-con-boxed e-con e-parent\" data-id=\"9qeowit\" data-element_type=\"container\" data-e-type=\"container\">\n\t\t\t\t\t<div class=\"e-con-inner\">\n\t\t<div class=\"elementor-element elementor-element-c48d12f e-con-full e-flex e-con e-child\" data-id=\"c48d12f\" data-element_type=\"container\" data-e-type=\"container\">\n\t\t\t\t<div class=\"elementor-element elementor-element-491f841 elementor-widget elementor-widget-heading\" data-id=\"491f841\" data-element_type=\"widget\" data-e-type=\"widget\" data-widget_type=\"heading.default\">\n\t\t\t\t<div class=\"elementor-widget-container\">\n\t\t\t\t\t<h4 class=\"elementor-heading-title elementor-size-default\">Pourquoi choisir nos programmes d'incitation ?<\/h4>\t\t\t\t<\/div>\n\t\t\t\t<\/div>\n\t\t\t\t<div class=\"elementor-element elementor-element-7beb61e elementor-widget-divider--view-line elementor-widget elementor-widget-divider\" data-id=\"7beb61e\" data-element_type=\"widget\" data-e-type=\"widget\" data-widget_type=\"divider.default\">\n\t\t\t\t<div class=\"elementor-widget-container\">\n\t\t\t\t\t\t\t<div class=\"elementor-divider\">\n\t\t\t<span class=\"elementor-divider-separator\">\n\t\t\t\t\t\t<\/span>\n\t\t<\/div>\n\t\t\t\t\t\t<\/div>\n\t\t\t\t<\/div>\n\t\t\t\t<div class=\"elementor-element elementor-element-c5cd51e elementor-widget elementor-widget-text-editor\" data-id=\"c5cd51e\" data-element_type=\"widget\" data-e-type=\"widget\" data-widget_type=\"text-editor.default\">\n\t\t\t\t<div class=\"elementor-widget-container\">\n\t\t\t\t\t\t\t\t\t<h5><strong>Approche personnalis\u00e9e : \u00a0<\/strong><\/h5><p>Chaque \u00e9quipe est unique et nos programmes sont con\u00e7us en fonction de vos objectifs sp\u00e9cifiques. En travaillant avec vous, nous cr\u00e9ons des exp\u00e9riences incitatives qui r\u00e9pondent parfaitement aux besoins de votre \u00e9quipe.<\/p><h5><b>Motivation par l'exp\u00e9rience :<\/b><\/h5><p>Nous proposons diverses activit\u00e9s, notamment des week-ends de luxe, des voyages d'aventure, des visites culinaires et \u0153nologiques, des d\u00e9fis sportifs et des \u00e9v\u00e9nements culturels. Nous proposons des activit\u00e9s amusantes et des exp\u00e9riences qui encouragent le travail d'\u00e9quipe, la cr\u00e9ativit\u00e9 et le leadership.<\/p><h5><b>Des r\u00e9sultats mesurables :<\/b><\/h5><p>Augmenter l'engagement, la productivit\u00e9 et la satisfaction des employ\u00e9s. Gr\u00e2ce \u00e0 un suivi et \u00e0 une \u00e9valuation d\u00e9taill\u00e9s, nos programmes permettent d'obtenir des r\u00e9sultats mesurables qui apporteront des avantages concrets \u00e0 votre entreprise.<\/p>\t\t\t\t\t\t\t\t<\/div>\n\t\t\t\t<\/div>\n\t\t\t\t<div class=\"elementor-element elementor-element-7a29118 elementor-widget elementor-widget-text-editor\" data-id=\"7a29118\" data-element_type=\"widget\" data-e-type=\"widget\" data-widget_type=\"text-editor.default\">\n\t\t\t\t<div class=\"elementor-widget-container\">\n\t\t\t\t\t\t\t\t\t<p>\u00a0<\/p><p>\u00a0<\/p>\t\t\t\t\t\t\t\t<\/div>\n\t\t\t\t<\/div>\n\t\t\t\t<\/div>\n\t\t<div class=\"elementor-element elementor-element-d47d4cd e-con-full e-flex e-con e-child\" data-id=\"d47d4cd\" data-element_type=\"container\" data-e-type=\"container\">\n\t\t\t\t<div class=\"elementor-element elementor-element-bf795e2 elementor-widget elementor-widget-heading\" data-id=\"bf795e2\" data-element_type=\"widget\" data-e-type=\"widget\" data-widget_type=\"heading.default\">\n\t\t\t\t<div class=\"elementor-widget-container\">\n\t\t\t\t\t<h4 class=\"elementor-heading-title elementor-size-default\">Des programmes qui motivent et r\u00e9compensent.<\/h4>\t\t\t\t<\/div>\n\t\t\t\t<\/div>\n\t\t\t\t<div class=\"elementor-element elementor-element-ae16dd8 elementor-widget-divider--view-line elementor-widget elementor-widget-divider\" data-id=\"ae16dd8\" data-element_type=\"widget\" data-e-type=\"widget\" data-widget_type=\"divider.default\">\n\t\t\t\t<div class=\"elementor-widget-container\">\n\t\t\t\t\t\t\t<div class=\"elementor-divider\">\n\t\t\t<span class=\"elementor-divider-separator\">\n\t\t\t\t\t\t<\/span>\n\t\t<\/div>\n\t\t\t\t\t\t<\/div>\n\t\t\t\t<\/div>\n\t\t\t\t<div class=\"elementor-element elementor-element-8c4a333 elementor-widget elementor-widget-text-editor\" data-id=\"8c4a333\" data-element_type=\"widget\" data-e-type=\"widget\" data-widget_type=\"text-editor.default\">\n\t\t\t\t<div class=\"elementor-widget-container\">\n\t\t\t\t\t\t\t\t\t<p><em>Notre offre comprend :<\/em><\/p>\t\t\t\t\t\t\t\t<\/div>\n\t\t\t\t<\/div>\n\t\t\t\t<div class=\"elementor-element elementor-element-0179544 elementor-icon-list--layout-traditional elementor-list-item-link-full_width elementor-widget elementor-widget-icon-list\" data-id=\"0179544\" data-element_type=\"widget\" data-e-type=\"widget\" data-widget_type=\"icon-list.default\">\n\t\t\t\t<div class=\"elementor-widget-container\">\n\t\t\t\t\t\t\t<ul class=\"elementor-icon-list-items\">\n\t\t\t\t\t\t\t<li class=\"elementor-icon-list-item\">\n\t\t\t\t\t\t\t\t\t\t\t<span class=\"elementor-icon-list-icon\">\n\t\t\t\t\t\t\t<svg aria-hidden=\"true\" class=\"e-font-icon-svg e-fas-minus\" viewbox=\"0 0 448 512\" xmlns=\"http:\/\/www.w3.org\/2000\/svg\"><path d=\"M416 208H32c-17.67 0-32 14.33-32 32v32c0 17.67 14.33 32 32 32h384c17.67 0 32-14.33 32-32v-32c0-17.67-14.33-32-32-32z\"><\/path><\/svg>\t\t\t\t\t\t<\/span>\n\t\t\t\t\t\t\t\t\t\t<span class=\"elementor-icon-list-text\">R\u00e9compenses motivantes - voyages de luxe, retraites de bien-\u00eatre et r\u00e9compenses exclusives.<\/span>\n\t\t\t\t\t\t\t\t\t<\/li>\n\t\t\t\t\t\t\t\t<li class=\"elementor-icon-list-item\">\n\t\t\t\t\t\t\t\t\t\t\t<span class=\"elementor-icon-list-icon\">\n\t\t\t\t\t\t\t<svg aria-hidden=\"true\" class=\"e-font-icon-svg e-fas-minus\" viewbox=\"0 0 448 512\" xmlns=\"http:\/\/www.w3.org\/2000\/svg\"><path d=\"M416 208H32c-17.67 0-32 14.33-32 32v32c0 17.67 14.33 32 32 32h384c17.67 0 32-14.33 32-32v-32c0-17.67-14.33-32-32-32z\"><\/path><\/svg>\t\t\t\t\t\t<\/span>\n\t\t\t\t\t\t\t\t\t\t<span class=\"elementor-icon-list-text\">Team Building - activit\u00e9s comprenant des d\u00e9fis d'\u00e9quipe, des jeux sportifs et des ateliers cr\u00e9atifs.<\/span>\n\t\t\t\t\t\t\t\t\t<\/li>\n\t\t\t\t\t\t\t\t<li class=\"elementor-icon-list-item\">\n\t\t\t\t\t\t\t\t\t\t\t<span class=\"elementor-icon-list-icon\">\n\t\t\t\t\t\t\t<svg aria-hidden=\"true\" class=\"e-font-icon-svg e-fas-minus\" viewbox=\"0 0 448 512\" xmlns=\"http:\/\/www.w3.org\/2000\/svg\"><path d=\"M416 208H32c-17.67 0-32 14.33-32 32v32c0 17.67 14.33 32 32 32h384c17.67 0 32-14.33 32-32v-32c0-17.67-14.33-32-32-32z\"><\/path><\/svg>\t\t\t\t\t\t<\/span>\n\t\t\t\t\t\t\t\t\t\t<span class=\"elementor-icon-list-text\">Des \u00e9v\u00e9nements personnalis\u00e9s - des d\u00eeners priv\u00e9s avec des chefs c\u00e9l\u00e8bres aux exp\u00e9riences culturelles VIP. \t<\/span>\n\t\t\t\t\t\t\t\t\t<\/li>\n\t\t\t\t\t\t<\/ul>\n\t\t\t\t\t\t<\/div>\n\t\t\t\t<\/div>\n\t\t\t\t<\/div>\n\t\t\t\t\t<\/div>\n\t\t\t\t<\/div>\n\t\t\t\t<\/div>","protected":false},"excerpt":{"rendered":"<p>Incentives: Take Your Team To The Next Level\u200b Set your goals; we&#8217;ll take care of the rest. Conversation and engagement [&hellip;]<\/p>\n","protected":false},"author":1,"featured_media":0,"parent":0,"menu_order":0,"comment_status":"closed","ping_status":"closed","template":"","meta":{"site-sidebar-layout":"no-sidebar","site-content-layout":"","ast-site-content-layout":"full-width-container","site-content-style":"default","site-sidebar-style":"default","ast-global-header-display":"","ast-banner-title-visibility":"","ast-main-header-display":"","ast-hfb-above-header-display":"","ast-hfb-below-header-display":"","ast-hfb-mobile-header-display":"","site-post-title":"disabled","ast-breadcrumbs-content":"","ast-featured-img":"disabled","footer-sml-layout":"","theme-transparent-header-meta":"","adv-header-id-meta":"","stick-header-meta":"","header-above-stick-meta":"","header-main-stick-meta":"","header-below-stick-meta":"","astra-migrate-meta-layouts":"default","ast-page-background-enabled":"default","ast-page-background-meta":{"desktop":{"background-color":"var(--ast-global-color-4)","background-image":"","background-repeat":"repeat","background-position":"center center","background-size":"auto","background-attachment":"scroll","background-type":"","background-media":"","overlay-type":"","overlay-color":"","overlay-opacity":"","overlay-gradient":""},"tablet":{"background-color":"","background-image":"","background-repeat":"repeat","background-position":"center center","background-size":"auto","background-attachment":"scroll","background-type":"","background-media":"","overlay-type":"","overlay-color":"","overlay-opacity":"","overlay-gradient":""},"mobile":{"background-color":"","background-image":"","background-repeat":"repeat","background-position":"center center","background-size":"auto","background-attachment":"scroll","background-type":"","background-media":"","overlay-type":"","overlay-color":"","overlay-opacity":"","overlay-gradient":""}},"ast-content-background-meta":{"desktop":{"background-color":"var(--ast-global-color-5)","background-image":"","background-repeat":"repeat","background-position":"center center","background-size":"auto","background-attachment":"scroll","background-type":"","background-media":"","overlay-type":"","overlay-color":"","overlay-opacity":"","overlay-gradient":""},"tablet":{"background-color":"var(--ast-global-color-5)","background-image":"","background-repeat":"repeat","background-position":"center center","background-size":"auto","background-attachment":"scroll","background-type":"","background-media":"","overlay-type":"","overlay-color":"","overlay-opacity":"","overlay-gradient":""},"mobile":{"background-color":"var(--ast-global-color-5)","background-image":"","background-repeat":"repeat","background-position":"center center","background-size":"auto","background-attachment":"scroll","background-type":"","background-media":"","overlay-type":"","overlay-color":"","overlay-opacity":"","overlay-gradient":""}},"_themeisle_gutenberg_block_has_review":false,"footnotes":""},"class_list":["post-846","page","type-page","status-publish","hentry"],"yoast_head":"<!-- This site is optimized with the Yoast SEO Premium plugin v27.4 (Yoast SEO v27.4) - https:\/\/yoast.com\/product\/yoast-seo-premium-wordpress\/ -->\n<title>Incentives - DMC Hidden Gems<\/title>\n<meta name=\"robots\" content=\"index, follow, max-snippet:-1, max-image-preview:large, max-video-preview:-1\" \/>\n<link rel=\"canonical\" href=\"https:\/\/dmc-hiddengems.hr\/fr\/incentives\/\" \/>\n<meta property=\"og:locale\" content=\"fr_FR\" \/>\n<meta property=\"og:type\" content=\"article\" \/>\n<meta property=\"og:title\" content=\"Incentives\" \/>\n<meta property=\"og:description\" content=\"Incentives: Take Your Team To The Next Level\u200b Set your goals; we&#8217;ll take care of the rest. Conversation and engagement [&hellip;]\" \/>\n<meta property=\"og:url\" content=\"https:\/\/dmc-hiddengems.hr\/fr\/incentives\/\" \/>\n<meta property=\"og:site_name\" content=\"DMC Hidden Gems\" \/>\n<meta property=\"article:publisher\" content=\"https:\/\/www.facebook.com\/dmchiddengemscroatia\" \/>\n<meta property=\"article:modified_time\" content=\"2025-03-03T10:37:14+00:00\" \/>\n<meta property=\"og:image\" content=\"https:\/\/dmc-hiddengems.hr\/wp-content\/uploads\/2025\/01\/pexels-photo-6761977-6761977-scaled.jpg\" \/>\n<meta name=\"twitter:card\" content=\"summary_large_image\" \/>\n<meta name=\"twitter:label1\" content=\"Dur\u00e9e de lecture estim\u00e9e\" \/>\n\t<meta name=\"twitter:data1\" content=\"2 minutes\" \/>\n<script type=\"application\/ld+json\" class=\"yoast-schema-graph\">{\"@context\":\"https:\\\/\\\/schema.org\",\"@graph\":[{\"@type\":\"WebPage\",\"@id\":\"https:\\\/\\\/dmc-hiddengems.hr\\\/incentives\\\/\",\"url\":\"https:\\\/\\\/dmc-hiddengems.hr\\\/incentives\\\/\",\"name\":\"Incentives - DMC Hidden Gems\",\"isPartOf\":{\"@id\":\"https:\\\/\\\/dmc-hiddengems.hr\\\/#website\"},\"primaryImageOfPage\":{\"@id\":\"https:\\\/\\\/dmc-hiddengems.hr\\\/incentives\\\/#primaryimage\"},\"image\":{\"@id\":\"https:\\\/\\\/dmc-hiddengems.hr\\\/incentives\\\/#primaryimage\"},\"thumbnailUrl\":\"https:\\\/\\\/dmc-hiddengems.hr\\\/wp-content\\\/uploads\\\/2025\\\/01\\\/pexels-photo-6761977-6761977-scaled.jpg\",\"datePublished\":\"2025-03-02T22:12:24+00:00\",\"dateModified\":\"2025-03-03T10:37:14+00:00\",\"breadcrumb\":{\"@id\":\"https:\\\/\\\/dmc-hiddengems.hr\\\/incentives\\\/#breadcrumb\"},\"inLanguage\":\"fr-FR\",\"potentialAction\":[{\"@type\":\"ReadAction\",\"target\":[\"https:\\\/\\\/dmc-hiddengems.hr\\\/incentives\\\/\"]}]},{\"@type\":\"ImageObject\",\"inLanguage\":\"fr-FR\",\"@id\":\"https:\\\/\\\/dmc-hiddengems.hr\\\/incentives\\\/#primaryimage\",\"url\":\"https:\\\/\\\/dmc-hiddengems.hr\\\/wp-content\\\/uploads\\\/2025\\\/01\\\/pexels-photo-6761977-6761977-scaled.jpg\",\"contentUrl\":\"https:\\\/\\\/dmc-hiddengems.hr\\\/wp-content\\\/uploads\\\/2025\\\/01\\\/pexels-photo-6761977-6761977-scaled.jpg\"},{\"@type\":\"BreadcrumbList\",\"@id\":\"https:\\\/\\\/dmc-hiddengems.hr\\\/incentives\\\/#breadcrumb\",\"itemListElement\":[{\"@type\":\"ListItem\",\"position\":1,\"name\":\"Home\",\"item\":\"https:\\\/\\\/dmc-hiddengems.hr\\\/\"},{\"@type\":\"ListItem\",\"position\":2,\"name\":\"Incentives\"}]},{\"@type\":\"WebSite\",\"@id\":\"https:\\\/\\\/dmc-hiddengems.hr\\\/#website\",\"url\":\"https:\\\/\\\/dmc-hiddengems.hr\\\/\",\"name\":\"DMC HiddenGems\",\"description\":\"Your Gateway to Exceptional MICE Travel in Croatia\",\"publisher\":{\"@id\":\"https:\\\/\\\/dmc-hiddengems.hr\\\/#organization\"},\"potentialAction\":[{\"@type\":\"SearchAction\",\"target\":{\"@type\":\"EntryPoint\",\"urlTemplate\":\"https:\\\/\\\/dmc-hiddengems.hr\\\/?s={search_term_string}\"},\"query-input\":{\"@type\":\"PropertyValueSpecification\",\"valueRequired\":true,\"valueName\":\"search_term_string\"}}],\"inLanguage\":\"fr-FR\"},{\"@type\":\"Organization\",\"@id\":\"https:\\\/\\\/dmc-hiddengems.hr\\\/#organization\",\"name\":\"DMC HiddenGems\",\"url\":\"https:\\\/\\\/dmc-hiddengems.hr\\\/\",\"logo\":{\"@type\":\"ImageObject\",\"inLanguage\":\"fr-FR\",\"@id\":\"https:\\\/\\\/dmc-hiddengems.hr\\\/#\\\/schema\\\/logo\\\/image\\\/\",\"url\":\"https:\\\/\\\/dmc-hiddengems.hr\\\/wp-content\\\/uploads\\\/2024\\\/12\\\/Hidden-Gems-logo-plava-slova-outline.png\",\"contentUrl\":\"https:\\\/\\\/dmc-hiddengems.hr\\\/wp-content\\\/uploads\\\/2024\\\/12\\\/Hidden-Gems-logo-plava-slova-outline.png\",\"width\":599,\"height\":617,\"caption\":\"DMC HiddenGems\"},\"image\":{\"@id\":\"https:\\\/\\\/dmc-hiddengems.hr\\\/#\\\/schema\\\/logo\\\/image\\\/\"},\"sameAs\":[\"https:\\\/\\\/www.facebook.com\\\/dmchiddengemscroatia\",\"https:\\\/\\\/www.instagram.com\\\/hiddengemsdmc\\\/\",\"https:\\\/\\\/www.linkedin.com\\\/in\\\/yvan-mandalinic-828365100\"]}]}<\/script>\n<!-- \/ Yoast SEO Premium plugin. -->","yoast_head_json":{"title":"Incentives - DMC Hidden Gems","robots":{"index":"index","follow":"follow","max-snippet":"max-snippet:-1","max-image-preview":"max-image-preview:large","max-video-preview":"max-video-preview:-1"},"canonical":"https:\/\/dmc-hiddengems.hr\/fr\/incentives\/","og_locale":"fr_FR","og_type":"article","og_title":"Incentives","og_description":"Incentives: Take Your Team To The Next Level\u200b Set your goals; we&#8217;ll take care of the rest. Conversation and engagement [&hellip;]","og_url":"https:\/\/dmc-hiddengems.hr\/fr\/incentives\/","og_site_name":"DMC Hidden Gems","article_publisher":"https:\/\/www.facebook.com\/dmchiddengemscroatia","article_modified_time":"2025-03-03T10:37:14+00:00","og_image":[{"url":"https:\/\/dmc-hiddengems.hr\/wp-content\/uploads\/2025\/01\/pexels-photo-6761977-6761977-scaled.jpg","type":"","width":"","height":""}],"twitter_card":"summary_large_image","twitter_misc":{"Dur\u00e9e de lecture estim\u00e9e":"2 minutes"},"schema":{"@context":"https:\/\/schema.org","@graph":[{"@type":"WebPage","@id":"https:\/\/dmc-hiddengems.hr\/incentives\/","url":"https:\/\/dmc-hiddengems.hr\/incentives\/","name":"Incentives - DMC Hidden Gems","isPartOf":{"@id":"https:\/\/dmc-hiddengems.hr\/#website"},"primaryImageOfPage":{"@id":"https:\/\/dmc-hiddengems.hr\/incentives\/#primaryimage"},"image":{"@id":"https:\/\/dmc-hiddengems.hr\/incentives\/#primaryimage"},"thumbnailUrl":"https:\/\/dmc-hiddengems.hr\/wp-content\/uploads\/2025\/01\/pexels-photo-6761977-6761977-scaled.jpg","datePublished":"2025-03-02T22:12:24+00:00","dateModified":"2025-03-03T10:37:14+00:00","breadcrumb":{"@id":"https:\/\/dmc-hiddengems.hr\/incentives\/#breadcrumb"},"inLanguage":"fr-FR","potentialAction":[{"@type":"ReadAction","target":["https:\/\/dmc-hiddengems.hr\/incentives\/"]}]},{"@type":"ImageObject","inLanguage":"fr-FR","@id":"https:\/\/dmc-hiddengems.hr\/incentives\/#primaryimage","url":"https:\/\/dmc-hiddengems.hr\/wp-content\/uploads\/2025\/01\/pexels-photo-6761977-6761977-scaled.jpg","contentUrl":"https:\/\/dmc-hiddengems.hr\/wp-content\/uploads\/2025\/01\/pexels-photo-6761977-6761977-scaled.jpg"},{"@type":"BreadcrumbList","@id":"https:\/\/dmc-hiddengems.hr\/incentives\/#breadcrumb","itemListElement":[{"@type":"ListItem","position":1,"name":"Home","item":"https:\/\/dmc-hiddengems.hr\/"},{"@type":"ListItem","position":2,"name":"Incentives"}]},{"@type":"WebSite","@id":"https:\/\/dmc-hiddengems.hr\/#website","url":"https:\/\/dmc-hiddengems.hr\/","name":"DMC HiddenGems","description":"Votre porte d'entr\u00e9e pour des voyages MICE exceptionnels en Croatie","publisher":{"@id":"https:\/\/dmc-hiddengems.hr\/#organization"},"potentialAction":[{"@type":"SearchAction","target":{"@type":"EntryPoint","urlTemplate":"https:\/\/dmc-hiddengems.hr\/?s={search_term_string}"},"query-input":{"@type":"PropertyValueSpecification","valueRequired":true,"valueName":"search_term_string"}}],"inLanguage":"fr-FR"},{"@type":"Organization","@id":"https:\/\/dmc-hiddengems.hr\/#organization","name":"DMC HiddenGems","url":"https:\/\/dmc-hiddengems.hr\/","logo":{"@type":"ImageObject","inLanguage":"fr-FR","@id":"https:\/\/dmc-hiddengems.hr\/#\/schema\/logo\/image\/","url":"https:\/\/dmc-hiddengems.hr\/wp-content\/uploads\/2024\/12\/Hidden-Gems-logo-plava-slova-outline.png","contentUrl":"https:\/\/dmc-hiddengems.hr\/wp-content\/uploads\/2024\/12\/Hidden-Gems-logo-plava-slova-outline.png","width":599,"height":617,"caption":"DMC HiddenGems"},"image":{"@id":"https:\/\/dmc-hiddengems.hr\/#\/schema\/logo\/image\/"},"sameAs":["https:\/\/www.facebook.com\/dmchiddengemscroatia","https:\/\/www.instagram.com\/hiddengemsdmc\/","https:\/\/www.linkedin.com\/in\/yvan-mandalinic-828365100"]}]}},"_links":{"self":[{"href":"https:\/\/dmc-hiddengems.hr\/fr\/wp-json\/wp\/v2\/pages\/846","targetHints":{"allow":["GET"]}}],"collection":[{"href":"https:\/\/dmc-hiddengems.hr\/fr\/wp-json\/wp\/v2\/pages"}],"about":[{"href":"https:\/\/dmc-hiddengems.hr\/fr\/wp-json\/wp\/v2\/types\/page"}],"author":[{"embeddable":true,"href":"https:\/\/dmc-hiddengems.hr\/fr\/wp-json\/wp\/v2\/users\/1"}],"replies":[{"embeddable":true,"href":"https:\/\/dmc-hiddengems.hr\/fr\/wp-json\/wp\/v2\/comments?post=846"}],"version-history":[{"count":40,"href":"https:\/\/dmc-hiddengems.hr\/fr\/wp-json\/wp\/v2\/pages\/846\/revisions"}],"predecessor-version":[{"id":963,"href":"https:\/\/dmc-hiddengems.hr\/fr\/wp-json\/wp\/v2\/pages\/846\/revisions\/963"}],"wp:attachment":[{"href":"https:\/\/dmc-hiddengems.hr\/fr\/wp-json\/wp\/v2\/media?parent=846"}],"curies":[{"name":"wp","href":"https:\/\/api.w.org\/{rel}","templated":true}]}}