{"id":1554,"date":"2025-03-03T22:23:58","date_gmt":"2025-03-03T22:23:58","guid":{"rendered":"https:\/\/dmc-hiddengems.hr\/?page_id=1554"},"modified":"2025-03-18T19:38:59","modified_gmt":"2025-03-18T19:38:59","slug":"mice-travel-in-croatia-a-complete-guide","status":"publish","type":"page","link":"https:\/\/dmc-hiddengems.hr\/fr\/mice-travel-in-croatia-a-complete-guide\/","title":{"rendered":"Voyages MICE en Croatie : Un guide complet"},"content":{"rendered":"<div data-elementor-type=\"wp-page\" data-elementor-id=\"1554\" class=\"elementor elementor-1554\" data-elementor-post-type=\"page\">\n\t\t\t\t<div class=\"elementor-element elementor-element-8la87r4 e-flex e-con-boxed e-con e-parent\" data-id=\"8la87r4\" data-element_type=\"container\" data-e-type=\"container\" data-settings=\"{&quot;background_background&quot;:&quot;classic&quot;}\">\n\t\t\t\t\t<div class=\"e-con-inner\">\n\t\t<div class=\"elementor-element elementor-element-ee8ebfd e-con-full e-flex e-con e-child\" data-id=\"ee8ebfd\" data-element_type=\"container\" data-e-type=\"container\">\n\t\t\t\t<div class=\"elementor-element elementor-element-dbeb786 elementor-widget__width-initial elementor-widget elementor-widget-heading\" data-id=\"dbeb786\" data-element_type=\"widget\" data-e-type=\"widget\" data-widget_type=\"heading.default\">\n\t\t\t\t<div class=\"elementor-widget-container\">\n\t\t\t\t\t<h1 class=\"elementor-heading-title elementor-size-default\">Voyages MICE en Croatie : Un guide complet<\/h1>\t\t\t\t<\/div>\n\t\t\t\t<\/div>\n\t\t\t\t<div class=\"elementor-element elementor-element-0c87f47 elementor-widget elementor-widget-text-editor\" data-id=\"0c87f47\" data-element_type=\"widget\" data-e-type=\"widget\" data-widget_type=\"text-editor.default\">\n\t\t\t\t<div class=\"elementor-widget-container\">\n\t\t\t\t\t\t\t\t\t<p style=\"text-align: center;\">Explorez le charme, la culture et l'aventure de la Croatie gr\u00e2ce \u00e0 notre blog. D\u00e9couvrez des astuces secr\u00e8tes, des activit\u00e9s actives et des connaissances d'initi\u00e9s pour faire de vos prochaines vacances un moment inoubliable.<\/p>\t\t\t\t\t\t\t\t<\/div>\n\t\t\t\t<\/div>\n\t\t\t\t<\/div>\n\t\t\t\t\t<\/div>\n\t\t\t\t<\/div>\n\t\t<div class=\"elementor-element elementor-element-qvqd57q e-flex e-con-boxed e-con e-parent\" data-id=\"qvqd57q\" data-element_type=\"container\" data-e-type=\"container\" data-settings=\"{&quot;background_background&quot;:&quot;classic&quot;}\">\n\t\t\t\t\t<div class=\"e-con-inner\">\n\t\t<div class=\"elementor-element elementor-element-c0a3cb7 e-con-full e-flex e-con e-child\" data-id=\"c0a3cb7\" data-element_type=\"container\" data-e-type=\"container\">\n\t\t<div class=\"elementor-element elementor-element-6bde82d e-con-full e-flex e-con e-child\" data-id=\"6bde82d\" data-element_type=\"container\" data-e-type=\"container\">\n\t\t<div class=\"elementor-element elementor-element-aeecb9c e-con-full e-flex e-con e-child\" data-id=\"aeecb9c\" data-element_type=\"container\" data-e-type=\"container\">\n\t\t\t\t<div class=\"elementor-element elementor-element-fda1407 elementor-widget elementor-widget-image\" data-id=\"fda1407\" data-element_type=\"widget\" data-e-type=\"widget\" data-widget_type=\"image.default\">\n\t\t\t\t<div class=\"elementor-widget-container\">\n\t\t\t\t\t\t\t\t\t\t\t\t\t\t\t<img fetchpriority=\"high\" decoding=\"async\" width=\"940\" height=\"788\" src=\"https:\/\/dmc-hiddengems.hr\/wp-content\/uploads\/2025\/03\/2-3.webp\" class=\"attachment-full size-full wp-image-1608\" alt=\"Destination, Why Croatia is the Ideal MICE Destination\" srcset=\"https:\/\/dmc-hiddengems.hr\/wp-content\/uploads\/2025\/03\/2-3.webp 940w, https:\/\/dmc-hiddengems.hr\/wp-content\/uploads\/2025\/03\/2-3-300x251.webp 300w, https:\/\/dmc-hiddengems.hr\/wp-content\/uploads\/2025\/03\/2-3-768x644.webp 768w, https:\/\/dmc-hiddengems.hr\/wp-content\/uploads\/2025\/03\/2-3-14x12.webp 14w\" sizes=\"(max-width: 940px) 100vw, 940px\" \/>\t\t\t\t\t\t\t\t\t\t\t\t\t\t\t<\/div>\n\t\t\t\t<\/div>\n\t\t\t\t<div class=\"elementor-element elementor-element-433ab22 elementor-widget elementor-widget-image-box\" data-id=\"433ab22\" data-element_type=\"widget\" data-e-type=\"widget\" data-widget_type=\"image-box.default\">\n\t\t\t\t<div class=\"elementor-widget-container\">\n\t\t\t\t\t<div class=\"elementor-image-box-wrapper\"><div class=\"elementor-image-box-content\"><h5 class=\"elementor-image-box-title\">Les 5 joyaux cach\u00e9s de la Dalmatie<\/h5><p class=\"elementor-image-box-description\">\n\n<\/p><\/div><\/div>\t\t\t\t<\/div>\n\t\t\t\t<\/div>\n\t\t\t\t<div class=\"elementor-element elementor-element-061b38d elementor-widget elementor-widget-button\" data-id=\"061b38d\" data-element_type=\"widget\" data-e-type=\"widget\" data-widget_type=\"button.default\">\n\t\t\t\t<div class=\"elementor-widget-container\">\n\t\t\t\t\t\t\t\t\t<div class=\"elementor-button-wrapper\">\n\t\t\t\t\t<a class=\"elementor-button elementor-button-link elementor-size-sm\" href=\"https:\/\/dmc-hiddengems.hr\/fr\/mice-travel-in-croatia-a-complete-guide\/top-5-hidden-gems-in-dalmatia\/\" target=\"_blank\">\n\t\t\t\t\t\t<span class=\"elementor-button-content-wrapper\">\n\t\t\t\t\t\t\t\t\t<span class=\"elementor-button-text\">En savoir plus<\/span>\n\t\t\t\t\t<\/span>\n\t\t\t\t\t<\/a>\n\t\t\t\t<\/div>\n\t\t\t\t\t\t\t\t<\/div>\n\t\t\t\t<\/div>\n\t\t\t\t<\/div>\n\t\t<div class=\"elementor-element elementor-element-1493cc7 e-con-full e-flex e-con e-child\" data-id=\"1493cc7\" data-element_type=\"container\" data-e-type=\"container\">\n\t\t\t\t<div class=\"elementor-element elementor-element-c51cd77 elementor-widget elementor-widget-image\" data-id=\"c51cd77\" data-element_type=\"widget\" data-e-type=\"widget\" data-widget_type=\"image.default\">\n\t\t\t\t<div class=\"elementor-widget-container\">\n\t\t\t\t\t\t\t\t\t\t\t\t\t\t\t<img decoding=\"async\" width=\"940\" height=\"788\" src=\"https:\/\/dmc-hiddengems.hr\/wp-content\/uploads\/2025\/03\/Top-5-Hidden-Gems-in-Dalmatia-You-Need-to-Discover.jpg\" class=\"attachment-full size-full wp-image-1599\" alt=\"Destination, Croatia, Unveil the Beauty of the Adriatic Gem, dubrovnik, croatia\" srcset=\"https:\/\/dmc-hiddengems.hr\/wp-content\/uploads\/2025\/03\/Top-5-Hidden-Gems-in-Dalmatia-You-Need-to-Discover.jpg 940w, https:\/\/dmc-hiddengems.hr\/wp-content\/uploads\/2025\/03\/Top-5-Hidden-Gems-in-Dalmatia-You-Need-to-Discover-300x251.jpg 300w, https:\/\/dmc-hiddengems.hr\/wp-content\/uploads\/2025\/03\/Top-5-Hidden-Gems-in-Dalmatia-You-Need-to-Discover-768x644.jpg 768w, https:\/\/dmc-hiddengems.hr\/wp-content\/uploads\/2025\/03\/Top-5-Hidden-Gems-in-Dalmatia-You-Need-to-Discover-14x12.jpg 14w\" sizes=\"(max-width: 940px) 100vw, 940px\" \/>\t\t\t\t\t\t\t\t\t\t\t\t\t\t\t<\/div>\n\t\t\t\t<\/div>\n\t\t\t\t<div class=\"elementor-element elementor-element-4062992 elementor-widget elementor-widget-image-box\" data-id=\"4062992\" data-element_type=\"widget\" data-e-type=\"widget\" data-widget_type=\"image-box.default\">\n\t\t\t\t<div class=\"elementor-widget-container\">\n\t\t\t\t\t<div class=\"elementor-image-box-wrapper\"><div class=\"elementor-image-box-content\"><h5 class=\"elementor-image-box-title\">Les affaires et le plaisir en Dalmatie : Le m\u00e9lange ultime pour r\u00e9ussir<\/h5><p class=\"elementor-image-box-description\">\n\n<\/p><\/div><\/div>\t\t\t\t<\/div>\n\t\t\t\t<\/div>\n\t\t\t\t<div class=\"elementor-element elementor-element-0757c2c elementor-widget elementor-widget-button\" data-id=\"0757c2c\" data-element_type=\"widget\" data-e-type=\"widget\" data-widget_type=\"button.default\">\n\t\t\t\t<div class=\"elementor-widget-container\">\n\t\t\t\t\t\t\t\t\t<div class=\"elementor-button-wrapper\">\n\t\t\t\t\t<a class=\"elementor-button elementor-button-link elementor-size-sm\" href=\"https:\/\/dmc-hiddengems.hr\/fr\/mice-travel-in-croatia-a-complete-guide\/explore-the-perfect-blend-of-business-and-fun-in-dalmatia\/\" target=\"_blank\">\n\t\t\t\t\t\t<span class=\"elementor-button-content-wrapper\">\n\t\t\t\t\t\t\t\t\t<span class=\"elementor-button-text\">En savoir plus<\/span>\n\t\t\t\t\t<\/span>\n\t\t\t\t\t<\/a>\n\t\t\t\t<\/div>\n\t\t\t\t\t\t\t\t<\/div>\n\t\t\t\t<\/div>\n\t\t\t\t<\/div>\n\t\t<div class=\"elementor-element elementor-element-d678403 e-con-full e-flex e-con e-child\" data-id=\"d678403\" data-element_type=\"container\" data-e-type=\"container\">\n\t\t\t\t<div class=\"elementor-element elementor-element-cc8f852 elementor-widget elementor-widget-image\" data-id=\"cc8f852\" data-element_type=\"widget\" data-e-type=\"widget\" data-widget_type=\"image.default\">\n\t\t\t\t<div class=\"elementor-widget-container\">\n\t\t\t\t\t\t\t\t\t\t\t\t\t\t\t<img decoding=\"async\" width=\"940\" height=\"788\" src=\"https:\/\/dmc-hiddengems.hr\/wp-content\/uploads\/2025\/03\/A-Locals-Guide-to-the-Best-Adventure-Activities-in-Omis.webp\" class=\"attachment-full size-full wp-image-1643\" alt=\"Destination, A Local&#039;s Guide to the Best Adventure Activities in Omi\u0161\" srcset=\"https:\/\/dmc-hiddengems.hr\/wp-content\/uploads\/2025\/03\/A-Locals-Guide-to-the-Best-Adventure-Activities-in-Omis.webp 940w, https:\/\/dmc-hiddengems.hr\/wp-content\/uploads\/2025\/03\/A-Locals-Guide-to-the-Best-Adventure-Activities-in-Omis-300x251.webp 300w, https:\/\/dmc-hiddengems.hr\/wp-content\/uploads\/2025\/03\/A-Locals-Guide-to-the-Best-Adventure-Activities-in-Omis-768x644.webp 768w, https:\/\/dmc-hiddengems.hr\/wp-content\/uploads\/2025\/03\/A-Locals-Guide-to-the-Best-Adventure-Activities-in-Omis-14x12.webp 14w\" sizes=\"(max-width: 940px) 100vw, 940px\" \/>\t\t\t\t\t\t\t\t\t\t\t\t\t\t\t<\/div>\n\t\t\t\t<\/div>\n\t\t\t\t<div class=\"elementor-element elementor-element-cc5bfba elementor-widget elementor-widget-image-box\" data-id=\"cc5bfba\" data-element_type=\"widget\" data-e-type=\"widget\" data-widget_type=\"image-box.default\">\n\t\t\t\t<div class=\"elementor-widget-container\">\n\t\t\t\t\t<div class=\"elementor-image-box-wrapper\"><div class=\"elementor-image-box-content\"><h5 class=\"elementor-image-box-title\">Guide local des meilleures activit\u00e9s d'aventure \u00e0 Omi\u0161<\/h5><p class=\"elementor-image-box-description\">\n\n<\/p><\/div><\/div>\t\t\t\t<\/div>\n\t\t\t\t<\/div>\n\t\t\t\t<div class=\"elementor-element elementor-element-9a0874e elementor-widget elementor-widget-button\" data-id=\"9a0874e\" data-element_type=\"widget\" data-e-type=\"widget\" data-widget_type=\"button.default\">\n\t\t\t\t<div class=\"elementor-widget-container\">\n\t\t\t\t\t\t\t\t\t<div class=\"elementor-button-wrapper\">\n\t\t\t\t\t<a class=\"elementor-button elementor-button-link elementor-size-sm\" href=\"https:\/\/dmc-hiddengems.hr\/fr\/blog\/a-locals-guide-to-the-best-adventure-activities-in-omis\/\" target=\"_blank\">\n\t\t\t\t\t\t<span class=\"elementor-button-content-wrapper\">\n\t\t\t\t\t\t\t\t\t<span class=\"elementor-button-text\">En savoir plus<\/span>\n\t\t\t\t\t<\/span>\n\t\t\t\t\t<\/a>\n\t\t\t\t<\/div>\n\t\t\t\t\t\t\t\t<\/div>\n\t\t\t\t<\/div>\n\t\t\t\t<\/div>\n\t\t\t\t<\/div>\n\t\t\t\t<\/div>\n\t\t\t\t\t<\/div>\n\t\t\t\t<\/div>\n\t\t<div class=\"elementor-element elementor-element-7sd8yj1 e-flex e-con-boxed e-con e-parent\" data-id=\"7sd8yj1\" data-element_type=\"container\" data-e-type=\"container\" data-settings=\"{&quot;background_background&quot;:&quot;classic&quot;}\">\n\t\t\t\t\t<div class=\"e-con-inner\">\n\t\t<div class=\"elementor-element elementor-element-c9f6486 e-con-full e-flex e-con e-child\" data-id=\"c9f6486\" data-element_type=\"container\" data-e-type=\"container\">\n\t\t\t\t<div class=\"elementor-element elementor-element-d976d22 elementor-widget elementor-widget-heading\" data-id=\"d976d22\" data-element_type=\"widget\" data-e-type=\"widget\" data-widget_type=\"heading.default\">\n\t\t\t\t<div class=\"elementor-widget-container\">\n\t\t\t\t\t<h2 class=\"elementor-heading-title elementor-size-default\">Planifiez d\u00e8s aujourd'hui une exp\u00e9rience inoubliable en Croatie !\n<\/h2>\t\t\t\t<\/div>\n\t\t\t\t<\/div>\n\t\t\t\t<div class=\"elementor-element elementor-element-c6a7cda elementor-widget elementor-widget-text-editor\" data-id=\"c6a7cda\" data-element_type=\"widget\" data-e-type=\"widget\" data-widget_type=\"text-editor.default\">\n\t\t\t\t<div class=\"elementor-widget-container\">\n\t\t\t\t\t\t\t\t\t<p>Nous pouvons vous aider \u00e0 organiser votre s\u00e9jour et \u00e0 vivre une exp\u00e9rience unique.<\/p>\t\t\t\t\t\t\t\t<\/div>\n\t\t\t\t<\/div>\n\t\t\t\t<div class=\"elementor-element elementor-element-a4ae497 elementor-align-center elementor-widget elementor-widget-button\" data-id=\"a4ae497\" data-element_type=\"widget\" data-e-type=\"widget\" data-widget_type=\"button.default\">\n\t\t\t\t<div class=\"elementor-widget-container\">\n\t\t\t\t\t\t\t\t\t<div class=\"elementor-button-wrapper\">\n\t\t\t\t\t<a class=\"elementor-button elementor-button-link elementor-size-sm\" href=\"https:\/\/dmc-hiddengems.hr\/fr\/contact-us\/\">\n\t\t\t\t\t\t<span class=\"elementor-button-content-wrapper\">\n\t\t\t\t\t\t\t\t\t<span class=\"elementor-button-text\">Contactez nous<\/span>\n\t\t\t\t\t<\/span>\n\t\t\t\t\t<\/a>\n\t\t\t\t<\/div>\n\t\t\t\t\t\t\t\t<\/div>\n\t\t\t\t<\/div>\n\t\t\t\t<\/div>\n\t\t\t\t\t<\/div>\n\t\t\t\t<\/div>\n\t\t\t\t<\/div>","protected":false},"excerpt":{"rendered":"<p>MICE Travel in Croatia: A Complete Guide Explore Croatia&#8217;s charm, culture, and adventure through our blog. Uncover secret tips, active [&hellip;]<\/p>\n","protected":false},"author":1,"featured_media":0,"parent":0,"menu_order":0,"comment_status":"closed","ping_status":"closed","template":"","meta":{"site-sidebar-layout":"no-sidebar","site-content-layout":"","ast-site-content-layout":"full-width-container","site-content-style":"default","site-sidebar-style":"default","ast-global-header-display":"","ast-banner-title-visibility":"","ast-main-header-display":"","ast-hfb-above-header-display":"","ast-hfb-below-header-display":"","ast-hfb-mobile-header-display":"","site-post-title":"disabled","ast-breadcrumbs-content":"","ast-featured-img":"disabled","footer-sml-layout":"","theme-transparent-header-meta":"","adv-header-id-meta":"","stick-header-meta":"","header-above-stick-meta":"","header-main-stick-meta":"","header-below-stick-meta":"","astra-migrate-meta-layouts":"default","ast-page-background-enabled":"default","ast-page-background-meta":{"desktop":{"background-color":"var(--ast-global-color-4)","background-image":"","background-repeat":"repeat","background-position":"center center","background-size":"auto","background-attachment":"scroll","background-type":"","background-media":"","overlay-type":"","overlay-color":"","overlay-opacity":"","overlay-gradient":""},"tablet":{"background-color":"","background-image":"","background-repeat":"repeat","background-position":"center center","background-size":"auto","background-attachment":"scroll","background-type":"","background-media":"","overlay-type":"","overlay-color":"","overlay-opacity":"","overlay-gradient":""},"mobile":{"background-color":"","background-image":"","background-repeat":"repeat","background-position":"center center","background-size":"auto","background-attachment":"scroll","background-type":"","background-media":"","overlay-type":"","overlay-color":"","overlay-opacity":"","overlay-gradient":""}},"ast-content-background-meta":{"desktop":{"background-color":"var(--ast-global-color-5)","background-image":"","background-repeat":"repeat","background-position":"center center","background-size":"auto","background-attachment":"scroll","background-type":"","background-media":"","overlay-type":"","overlay-color":"","overlay-opacity":"","overlay-gradient":""},"tablet":{"background-color":"var(--ast-global-color-5)","background-image":"","background-repeat":"repeat","background-position":"center center","background-size":"auto","background-attachment":"scroll","background-type":"","background-media":"","overlay-type":"","overlay-color":"","overlay-opacity":"","overlay-gradient":""},"mobile":{"background-color":"var(--ast-global-color-5)","background-image":"","background-repeat":"repeat","background-position":"center center","background-size":"auto","background-attachment":"scroll","background-type":"","background-media":"","overlay-type":"","overlay-color":"","overlay-opacity":"","overlay-gradient":""}},"_themeisle_gutenberg_block_has_review":false,"footnotes":""},"class_list":["post-1554","page","type-page","status-publish","hentry"],"yoast_head":"<!-- This site is optimized with the Yoast SEO Premium plugin v27.4 (Yoast SEO v27.4) - https:\/\/yoast.com\/product\/yoast-seo-premium-wordpress\/ -->\n<title>MICE Travel in Croatia: A Complete Guide - DMC Hidden Gems<\/title>\n<meta name=\"description\" content=\"MICE Travel in Croatia: A Complete Guide perfect for business and leisure with unforgettable events and adventures in Dalmatia.\" \/>\n<meta name=\"robots\" content=\"index, follow, max-snippet:-1, max-image-preview:large, max-video-preview:-1\" \/>\n<link rel=\"canonical\" href=\"https:\/\/dmc-hiddengems.hr\/fr\/mice-travel-in-croatia-a-complete-guide\/\" \/>\n<meta property=\"og:locale\" content=\"fr_FR\" \/>\n<meta property=\"og:type\" content=\"article\" \/>\n<meta property=\"og:title\" content=\"MICE Travel in Croatia: A Complete Guide\" \/>\n<meta property=\"og:description\" content=\"MICE Travel in Croatia: A Complete Guide perfect for business and leisure with unforgettable events and adventures in Dalmatia.\" \/>\n<meta property=\"og:url\" content=\"https:\/\/dmc-hiddengems.hr\/fr\/mice-travel-in-croatia-a-complete-guide\/\" \/>\n<meta property=\"og:site_name\" content=\"DMC Hidden Gems\" \/>\n<meta property=\"article:publisher\" content=\"https:\/\/www.facebook.com\/dmchiddengemscroatia\" \/>\n<meta property=\"article:modified_time\" content=\"2025-03-18T19:38:59+00:00\" \/>\n<meta property=\"og:image\" content=\"https:\/\/dmc-hiddengems.hr\/wp-content\/uploads\/2025\/03\/2-3.webp\" \/>\n\t<meta property=\"og:image:width\" content=\"940\" \/>\n\t<meta property=\"og:image:height\" content=\"788\" \/>\n\t<meta property=\"og:image:type\" content=\"image\/webp\" \/>\n<meta name=\"twitter:card\" content=\"summary_large_image\" \/>\n<meta name=\"twitter:label1\" content=\"Dur\u00e9e de lecture estim\u00e9e\" \/>\n\t<meta name=\"twitter:data1\" content=\"1 minute\" \/>\n<script type=\"application\/ld+json\" class=\"yoast-schema-graph\">{\"@context\":\"https:\\\/\\\/schema.org\",\"@graph\":[{\"@type\":\"WebPage\",\"@id\":\"https:\\\/\\\/dmc-hiddengems.hr\\\/mice-travel-in-croatia-a-complete-guide\\\/\",\"url\":\"https:\\\/\\\/dmc-hiddengems.hr\\\/mice-travel-in-croatia-a-complete-guide\\\/\",\"name\":\"MICE Travel in Croatia: A Complete Guide - DMC Hidden Gems\",\"isPartOf\":{\"@id\":\"https:\\\/\\\/dmc-hiddengems.hr\\\/#website\"},\"primaryImageOfPage\":{\"@id\":\"https:\\\/\\\/dmc-hiddengems.hr\\\/mice-travel-in-croatia-a-complete-guide\\\/#primaryimage\"},\"image\":{\"@id\":\"https:\\\/\\\/dmc-hiddengems.hr\\\/mice-travel-in-croatia-a-complete-guide\\\/#primaryimage\"},\"thumbnailUrl\":\"https:\\\/\\\/dmc-hiddengems.hr\\\/wp-content\\\/uploads\\\/2025\\\/03\\\/2-3.webp\",\"datePublished\":\"2025-03-03T22:23:58+00:00\",\"dateModified\":\"2025-03-18T19:38:59+00:00\",\"description\":\"MICE Travel in Croatia: A Complete Guide perfect for business and leisure with unforgettable events and adventures in Dalmatia.\",\"breadcrumb\":{\"@id\":\"https:\\\/\\\/dmc-hiddengems.hr\\\/mice-travel-in-croatia-a-complete-guide\\\/#breadcrumb\"},\"inLanguage\":\"fr-FR\",\"potentialAction\":[{\"@type\":\"ReadAction\",\"target\":[\"https:\\\/\\\/dmc-hiddengems.hr\\\/mice-travel-in-croatia-a-complete-guide\\\/\"]}]},{\"@type\":\"ImageObject\",\"inLanguage\":\"fr-FR\",\"@id\":\"https:\\\/\\\/dmc-hiddengems.hr\\\/mice-travel-in-croatia-a-complete-guide\\\/#primaryimage\",\"url\":\"https:\\\/\\\/dmc-hiddengems.hr\\\/wp-content\\\/uploads\\\/2025\\\/03\\\/2-3.webp\",\"contentUrl\":\"https:\\\/\\\/dmc-hiddengems.hr\\\/wp-content\\\/uploads\\\/2025\\\/03\\\/2-3.webp\"},{\"@type\":\"BreadcrumbList\",\"@id\":\"https:\\\/\\\/dmc-hiddengems.hr\\\/mice-travel-in-croatia-a-complete-guide\\\/#breadcrumb\",\"itemListElement\":[{\"@type\":\"ListItem\",\"position\":1,\"name\":\"Home\",\"item\":\"https:\\\/\\\/dmc-hiddengems.hr\\\/\"},{\"@type\":\"ListItem\",\"position\":2,\"name\":\"MICE Travel in Croatia: A Complete Guide\"}]},{\"@type\":\"WebSite\",\"@id\":\"https:\\\/\\\/dmc-hiddengems.hr\\\/#website\",\"url\":\"https:\\\/\\\/dmc-hiddengems.hr\\\/\",\"name\":\"DMC HiddenGems\",\"description\":\"Your Gateway to Exceptional MICE Travel in Croatia\",\"publisher\":{\"@id\":\"https:\\\/\\\/dmc-hiddengems.hr\\\/#organization\"},\"potentialAction\":[{\"@type\":\"SearchAction\",\"target\":{\"@type\":\"EntryPoint\",\"urlTemplate\":\"https:\\\/\\\/dmc-hiddengems.hr\\\/?s={search_term_string}\"},\"query-input\":{\"@type\":\"PropertyValueSpecification\",\"valueRequired\":true,\"valueName\":\"search_term_string\"}}],\"inLanguage\":\"fr-FR\"},{\"@type\":\"Organization\",\"@id\":\"https:\\\/\\\/dmc-hiddengems.hr\\\/#organization\",\"name\":\"DMC HiddenGems\",\"url\":\"https:\\\/\\\/dmc-hiddengems.hr\\\/\",\"logo\":{\"@type\":\"ImageObject\",\"inLanguage\":\"fr-FR\",\"@id\":\"https:\\\/\\\/dmc-hiddengems.hr\\\/#\\\/schema\\\/logo\\\/image\\\/\",\"url\":\"https:\\\/\\\/dmc-hiddengems.hr\\\/wp-content\\\/uploads\\\/2024\\\/12\\\/Hidden-Gems-logo-plava-slova-outline.png\",\"contentUrl\":\"https:\\\/\\\/dmc-hiddengems.hr\\\/wp-content\\\/uploads\\\/2024\\\/12\\\/Hidden-Gems-logo-plava-slova-outline.png\",\"width\":599,\"height\":617,\"caption\":\"DMC HiddenGems\"},\"image\":{\"@id\":\"https:\\\/\\\/dmc-hiddengems.hr\\\/#\\\/schema\\\/logo\\\/image\\\/\"},\"sameAs\":[\"https:\\\/\\\/www.facebook.com\\\/dmchiddengemscroatia\",\"https:\\\/\\\/www.instagram.com\\\/hiddengemsdmc\\\/\",\"https:\\\/\\\/www.linkedin.com\\\/in\\\/yvan-mandalinic-828365100\"]}]}<\/script>\n<!-- \/ Yoast SEO Premium plugin. -->","yoast_head_json":{"title":"MICE Travel in Croatia: A Complete Guide - DMC Hidden Gems","description":"MICE Travel in Croatia: A Complete Guide perfect for business and leisure with unforgettable events and adventures in Dalmatia.","robots":{"index":"index","follow":"follow","max-snippet":"max-snippet:-1","max-image-preview":"max-image-preview:large","max-video-preview":"max-video-preview:-1"},"canonical":"https:\/\/dmc-hiddengems.hr\/fr\/mice-travel-in-croatia-a-complete-guide\/","og_locale":"fr_FR","og_type":"article","og_title":"MICE Travel in Croatia: A Complete Guide","og_description":"MICE Travel in Croatia: A Complete Guide perfect for business and leisure with unforgettable events and adventures in Dalmatia.","og_url":"https:\/\/dmc-hiddengems.hr\/fr\/mice-travel-in-croatia-a-complete-guide\/","og_site_name":"DMC Hidden Gems","article_publisher":"https:\/\/www.facebook.com\/dmchiddengemscroatia","article_modified_time":"2025-03-18T19:38:59+00:00","og_image":[{"width":940,"height":788,"url":"https:\/\/dmc-hiddengems.hr\/wp-content\/uploads\/2025\/03\/2-3.webp","type":"image\/webp"}],"twitter_card":"summary_large_image","twitter_misc":{"Dur\u00e9e de lecture estim\u00e9e":"1 minute"},"schema":{"@context":"https:\/\/schema.org","@graph":[{"@type":"WebPage","@id":"https:\/\/dmc-hiddengems.hr\/mice-travel-in-croatia-a-complete-guide\/","url":"https:\/\/dmc-hiddengems.hr\/mice-travel-in-croatia-a-complete-guide\/","name":"MICE Travel in Croatia: A Complete Guide - DMC Hidden Gems","isPartOf":{"@id":"https:\/\/dmc-hiddengems.hr\/#website"},"primaryImageOfPage":{"@id":"https:\/\/dmc-hiddengems.hr\/mice-travel-in-croatia-a-complete-guide\/#primaryimage"},"image":{"@id":"https:\/\/dmc-hiddengems.hr\/mice-travel-in-croatia-a-complete-guide\/#primaryimage"},"thumbnailUrl":"https:\/\/dmc-hiddengems.hr\/wp-content\/uploads\/2025\/03\/2-3.webp","datePublished":"2025-03-03T22:23:58+00:00","dateModified":"2025-03-18T19:38:59+00:00","description":"MICE Travel in Croatia: A Complete Guide perfect for business and leisure with unforgettable events and adventures in Dalmatia.","breadcrumb":{"@id":"https:\/\/dmc-hiddengems.hr\/mice-travel-in-croatia-a-complete-guide\/#breadcrumb"},"inLanguage":"fr-FR","potentialAction":[{"@type":"ReadAction","target":["https:\/\/dmc-hiddengems.hr\/mice-travel-in-croatia-a-complete-guide\/"]}]},{"@type":"ImageObject","inLanguage":"fr-FR","@id":"https:\/\/dmc-hiddengems.hr\/mice-travel-in-croatia-a-complete-guide\/#primaryimage","url":"https:\/\/dmc-hiddengems.hr\/wp-content\/uploads\/2025\/03\/2-3.webp","contentUrl":"https:\/\/dmc-hiddengems.hr\/wp-content\/uploads\/2025\/03\/2-3.webp"},{"@type":"BreadcrumbList","@id":"https:\/\/dmc-hiddengems.hr\/mice-travel-in-croatia-a-complete-guide\/#breadcrumb","itemListElement":[{"@type":"ListItem","position":1,"name":"Home","item":"https:\/\/dmc-hiddengems.hr\/"},{"@type":"ListItem","position":2,"name":"MICE Travel in Croatia: A Complete Guide"}]},{"@type":"WebSite","@id":"https:\/\/dmc-hiddengems.hr\/#website","url":"https:\/\/dmc-hiddengems.hr\/","name":"DMC HiddenGems","description":"Votre porte d'entr\u00e9e pour des voyages MICE exceptionnels en Croatie","publisher":{"@id":"https:\/\/dmc-hiddengems.hr\/#organization"},"potentialAction":[{"@type":"SearchAction","target":{"@type":"EntryPoint","urlTemplate":"https:\/\/dmc-hiddengems.hr\/?s={search_term_string}"},"query-input":{"@type":"PropertyValueSpecification","valueRequired":true,"valueName":"search_term_string"}}],"inLanguage":"fr-FR"},{"@type":"Organization","@id":"https:\/\/dmc-hiddengems.hr\/#organization","name":"DMC HiddenGems","url":"https:\/\/dmc-hiddengems.hr\/","logo":{"@type":"ImageObject","inLanguage":"fr-FR","@id":"https:\/\/dmc-hiddengems.hr\/#\/schema\/logo\/image\/","url":"https:\/\/dmc-hiddengems.hr\/wp-content\/uploads\/2024\/12\/Hidden-Gems-logo-plava-slova-outline.png","contentUrl":"https:\/\/dmc-hiddengems.hr\/wp-content\/uploads\/2024\/12\/Hidden-Gems-logo-plava-slova-outline.png","width":599,"height":617,"caption":"DMC HiddenGems"},"image":{"@id":"https:\/\/dmc-hiddengems.hr\/#\/schema\/logo\/image\/"},"sameAs":["https:\/\/www.facebook.com\/dmchiddengemscroatia","https:\/\/www.instagram.com\/hiddengemsdmc\/","https:\/\/www.linkedin.com\/in\/yvan-mandalinic-828365100"]}]}},"_links":{"self":[{"href":"https:\/\/dmc-hiddengems.hr\/fr\/wp-json\/wp\/v2\/pages\/1554","targetHints":{"allow":["GET"]}}],"collection":[{"href":"https:\/\/dmc-hiddengems.hr\/fr\/wp-json\/wp\/v2\/pages"}],"about":[{"href":"https:\/\/dmc-hiddengems.hr\/fr\/wp-json\/wp\/v2\/types\/page"}],"author":[{"embeddable":true,"href":"https:\/\/dmc-hiddengems.hr\/fr\/wp-json\/wp\/v2\/users\/1"}],"replies":[{"embeddable":true,"href":"https:\/\/dmc-hiddengems.hr\/fr\/wp-json\/wp\/v2\/comments?post=1554"}],"version-history":[{"count":68,"href":"https:\/\/dmc-hiddengems.hr\/fr\/wp-json\/wp\/v2\/pages\/1554\/revisions"}],"predecessor-version":[{"id":2004,"href":"https:\/\/dmc-hiddengems.hr\/fr\/wp-json\/wp\/v2\/pages\/1554\/revisions\/2004"}],"wp:attachment":[{"href":"https:\/\/dmc-hiddengems.hr\/fr\/wp-json\/wp\/v2\/media?parent=1554"}],"curies":[{"name":"wp","href":"https:\/\/api.w.org\/{rel}","templated":true}]}}